{"id":39,"date":"2023-10-19T11:51:42","date_gmt":"2023-10-19T09:51:42","guid":{"rendered":"https:\/\/www.graetzl.de\/?page_id=39"},"modified":"2023-11-23T11:13:34","modified_gmt":"2023-11-23T10:13:34","slug":"colibri-wp","status":"publish","type":"page","link":"https:\/\/www.graetzl.de\/","title":{"rendered":"Front Page"},"content":{"rendered":"<div data-colibri-id=\"39-c1\" class=\"style-191 style-local-39-c1 position-relative\">\n  <!---->\n  <div data-colibri-component=\"section\" data-colibri-id=\"39-c2\" id=\"custom-2\" class=\"h-section h-section-global-spacing d-flex align-items-lg-center align-items-md-center align-items-center style-408 style-local-39-c2 position-relative\">\n    <!---->\n    <!---->\n    <div class=\"h-section-grid-container h-section-boxed-container\">\n      <!---->\n      <div data-colibri-id=\"39-c3\" class=\"h-row-container gutters-row-lg-2 gutters-row-md-2 gutters-row-0 gutters-row-v-lg-2 gutters-row-v-md-2 gutters-row-v-2 style-411 style-local-39-c3 position-relative\">\n        <!---->\n        <div class=\"h-row justify-content-lg-center justify-content-md-center justify-content-center align-items-lg-stretch align-items-md-stretch align-items-stretch gutters-col-lg-2 gutters-col-md-2 gutters-col-0 gutters-col-v-lg-2 gutters-col-v-md-2 gutters-col-v-2\">\n          <!---->\n          <div class=\"h-column h-column-container d-flex h-col-lg-auto h-col-md-auto h-col-auto style-412-outer style-local-39-c4-outer\">\n            <div data-colibri-id=\"39-c4\" class=\"d-flex h-flex-basis h-column__inner h-px-lg-2 h-px-md-2 h-px-2 v-inner-lg-2 v-inner-md-2 v-inner-2 style-412 style-local-39-c4 position-relative\">\n              <!---->\n              <!---->\n              <div class=\"w-100 h-y-container h-column__content h-column__v-align flex-basis-100 align-self-lg-start align-self-md-start align-self-start\">\n                <!---->\n                <div data-colibri-id=\"39-c17\" class=\"h-text h-text-component style-443 style-local-39-c17 position-relative h-element\">\n                  <!---->\n                  <!---->\n                  <div class=\"\">\n                    <h1>Wartungsmonteur f\u00fcr Kleinkl\u00e4ranlagen (m\/w\/d) Region Reischach\/Alt\u00f6tting<\/h1>\n                    <p>Du magst Herausforderungen und Abwechslung im Arbeitsalltag? Haben wir!\n                      <br>Du w\u00fcnschst dir familienfreundliche Arbeitszeiten? Haben wir!\n                      <br>Du suchst einen Job? Haben wir!\n                      <br>Als Wartungsmonteur (m\/w\/d) f\u00fcr Kleinkl\u00e4ranlagen gleicht kein Arbeitstag dem anderen!\n                      <br>Wir sind ein zertifiziertes Wartungsunternehmen f\u00fcr biologische Kleinkl\u00e4ranlagen.\n                      <br>Ab sofort suchen wir engagierte Verst\u00e4rkung in der Region Reischach\/Alt\u00f6tting.<\/p>\n                    <p><strong>Deine Aufgaben<\/strong><\/p>\n                    <ul>\n                      <li>Wartung, Reparatur und Inbetriebnahme von Kleinkl\u00e4ranlagen unserer Kunden<\/li>\n                      <li>Erstellung von Wartungsprotokollen<\/li>\n                      <li>selbst\u00e4ndige Terminplanung und -vereinbarung f\u00fcr die Wartungen<\/li>\n                    <\/ul>\n                    <p><strong>Dein Profil<\/strong><\/p>\n                    <ul>\n                      <li>F\u00fchrerschein Kl. B (PKW) ist zwingend notwendig<\/li>\n                      <li>abgeschlossene Berufsausbildung in einem Handwerksberuf ist w\u00fcnschenswert<\/li>\n                      <li>zuverl\u00e4ssiges und selbst\u00e4ndiges Arbeiten und Selbstorganisation wird erwartet<\/li>\n                      <li>freundliches Auftreten und gute deutsche Sprachkenntnisse in Wort und Schrift sind erforderlich<\/li>\n                      <li>sicherer Umgang mit dem PC\/Tablet ist von Vorteil<\/li>\n                    <\/ul>\n                    <p><strong>Wir bieten<\/strong><\/p>\n                    <ul>\n                      <li>einen unbefristeten Arbeitsvertrag<\/li>\n                      <li>Entlohnung durch Festgehalt und attraktives Pr\u00e4miensystem<\/li>\n                      <li>gr\u00fcndliche Einarbeitung wird gew\u00e4hrleistet<\/li>\n                      <li>flexible Arbeitszeiten durch selbst\u00e4ndige Planung (keine Wochenendarbeit)<\/li>\n                      <li>regelm\u00e4\u00dfige Weiterbildungen<\/li>\n                      <li>Firmenfahrzeug zur privaten Nutzung inkl. Tankkarte<\/li>\n                      <li>Tourenstart vom Wohnort m\u00f6glich<\/li>\n                    <\/ul>\n                    <p>Haben wir dein Interesse geweckt? Dann bewirb dich am besten noch heute bei uns!\n                      <br>Sende deine Bewerbungsunterlagen an:\n                      <br>GR\u00c4TZL Umwelttechnik GmbH\n                      <br>Erlbacher Str. 2\n                      <br>84571 Reischach\n                      <br>Oder per E-Mail:\n                      <br>\n                      <a href=\"mailto:info@graetzl.de\">info@graetzl.de<\/a>\n                    <\/p>\n                  <\/div>\n                <\/div>\n                <div data-colibri-id=\"39-c5\" class=\"h-text h-text-component style-413 style-local-39-c5 position-relative h-element\">\n                  <!---->\n                  <!---->\n                  <div class=\"\">\n                    <p>\n                      <br>\n                    <\/p>\n                    <p>\n                      <br>\n                    <\/p>\n                    <p>\n                      <br>\n                    <\/p>\n                    <p>Wir sind eine <strong>zertifizierte Wartungsfirma<\/strong> f\u00fcr biologische <strong>Kleinkl\u00e4ranlagen<\/strong> und bieten Ihnen Wartungen, Reparaturen und Ersatzteile f\u00fcr nahezu alle Systeme von Kleinkl\u00e4ranlagen an.\n                      <br>\n                      <br>Gerne sind wir f\u00fcr Sie unter&nbsp;&nbsp;&nbsp;08670 \/ 238&nbsp;&nbsp;&nbsp;&nbsp;&nbsp;und&nbsp;&nbsp;&nbsp;info@graetzl.de&nbsp;&nbsp;&nbsp;&nbsp;&nbsp;erreichbar.<\/p>\n                  <\/div>\n                <\/div>\n              <\/div>\n            <\/div>\n          <\/div>\n        <\/div>\n      <\/div>\n    <\/div>\n  <\/div>\n  <div data-colibri-component=\"section\" data-colibri-id=\"39-c6\" id=\"custom-3\" class=\"h-section h-section-global-spacing d-flex align-items-lg-center align-items-md-center align-items-center style-415 style-local-39-c6 position-relative\">\n    <!---->\n    <!---->\n    <div class=\"h-section-grid-container h-section-boxed-container\">\n      <!---->\n      <div data-colibri-id=\"39-c7\" class=\"h-row-container gutters-row-lg-2 gutters-row-md-2 gutters-row-0 gutters-row-v-lg-2 gutters-row-v-md-2 gutters-row-v-2 style-416 style-local-39-c7 position-relative\">\n        <!---->\n        <div class=\"h-row justify-content-lg-center justify-content-md-center justify-content-center align-items-lg-stretch align-items-md-stretch align-items-stretch gutters-col-lg-2 gutters-col-md-2 gutters-col-0 gutters-col-v-lg-2 gutters-col-v-md-2 gutters-col-v-2\">\n          <!---->\n          <div class=\"h-column h-column-container d-flex h-col-lg-auto h-col-md-auto h-col-auto style-417-outer style-local-39-c8-outer\">\n            <div data-colibri-id=\"39-c8\" class=\"d-flex h-flex-basis h-column__inner h-px-lg-2 h-px-md-2 h-px-2 v-inner-lg-2 v-inner-md-2 v-inner-2 style-417 style-local-39-c8 position-relative\">\n              <!---->\n              <!---->\n              <div class=\"w-100 h-y-container h-column__content h-column__v-align flex-basis-100 align-self-lg-start align-self-md-start align-self-start\">\n                <!---->\n                <div data-colibri-id=\"39-c9\" class=\"h-x-container style-420 style-local-39-c9 position-relative h-element\">\n                  <!---->\n                  <div class=\"h-x-container-inner style-dynamic-39-c9-group style-420-spacing style-local-39-c9-spacing\"><span class=\"h-button__outer style-421-outer style-local-39-c10-outer d-inline-flex h-element\"><a h-use-smooth-scroll=\"true\" href=\"\"  data-colibri-id=\"39-c10\" class=\"d-flex w-100 align-items-center h-button justify-content-lg-center justify-content-md-center justify-content-center style-421 style-local-39-c10 position-relative\"><!----><!----> <span>Kontakt<\/span><\/a>\n                    <\/span>\n                  <\/div>\n                <\/div>\n              <\/div>\n            <\/div>\n          <\/div>\n          <div class=\"h-column h-column-container d-flex h-col-lg-auto h-col-md-auto h-col-auto style-418-outer style-local-39-c11-outer\">\n            <div data-colibri-id=\"39-c11\" class=\"d-flex h-flex-basis h-column__inner h-px-lg-2 h-px-md-2 h-px-2 v-inner-lg-2 v-inner-md-2 v-inner-2 style-418 style-local-39-c11 position-relative\">\n              <!---->\n              <!---->\n              <div class=\"w-100 h-y-container h-column__content h-column__v-align flex-basis-100 align-self-lg-start align-self-md-start align-self-start\">\n                <!---->\n                <div data-colibri-id=\"39-c12\" class=\"h-x-container style-422 style-local-39-c12 position-relative h-element\">\n                  <!---->\n                  <div class=\"h-x-container-inner style-dynamic-39-c12-group style-422-spacing style-local-39-c12-spacing\"><span class=\"h-button__outer style-423-outer style-local-39-c13-outer d-inline-flex h-element\"><a h-use-smooth-scroll=\"true\" href=\"\"  data-colibri-id=\"39-c13\" class=\"d-flex w-100 align-items-center h-button justify-content-lg-center justify-content-md-center justify-content-center style-423 style-local-39-c13 position-relative\"><!----><!----> <span>Wartungs Anfrage<\/span><\/a>\n                    <\/span>\n                  <\/div>\n                <\/div>\n              <\/div>\n            <\/div>\n          <\/div>\n          <div class=\"h-column h-column-container d-flex h-col-lg-auto h-col-md-auto h-col-auto style-419-outer style-local-39-c14-outer\">\n            <div data-colibri-id=\"39-c14\" class=\"d-flex h-flex-basis h-column__inner h-px-lg-2 h-px-md-2 h-px-2 v-inner-lg-2 v-inner-md-2 v-inner-2 style-419 style-local-39-c14 position-relative\">\n              <!---->\n              <!---->\n              <div class=\"w-100 h-y-container h-column__content h-column__v-align flex-basis-100 align-self-lg-start align-self-md-start align-self-start\">\n                <!---->\n                <div data-colibri-id=\"39-c15\" class=\"h-x-container style-424 style-local-39-c15 position-relative h-element\">\n                  <!---->\n                  <div class=\"h-x-container-inner style-dynamic-39-c15-group style-424-spacing style-local-39-c15-spacing\"><span class=\"h-button__outer style-425-outer style-local-39-c16-outer d-inline-flex h-element\"><a h-use-smooth-scroll=\"true\" href=\"\"  data-colibri-id=\"39-c16\" class=\"d-flex w-100 align-items-center h-button justify-content-lg-center justify-content-md-center justify-content-center style-425 style-local-39-c16 position-relative\"><!----><!----> <span>Impressum<\/span><\/a>\n                    <\/span>\n                  <\/div>\n                <\/div>\n              <\/div>\n            <\/div>\n          <\/div>\n        <\/div>\n      <\/div>\n    <\/div>\n  <\/div>\n<\/div>","protected":false},"excerpt":{"rendered":"<p>Wartungsmonteur f\u00fcr Kleinkl\u00e4ranlagen (m\/w\/d) Region Reischach\/Alt\u00f6tting Du magst Herausforderungen und Abwechslung im Arbeitsalltag? Haben wir! Du w\u00fcnschst dir familienfreundliche Arbeitszeiten? Haben wir! Du suchst einen Job? Haben wir! Als Wartungsmonteur (m\/w\/d) f\u00fcr Kleinkl\u00e4ranlagen gleicht kein Arbeitstag dem anderen! Wir sind ein zertifiziertes Wartungsunternehmen f\u00fcr biologische Kleinkl\u00e4ranlagen. Ab sofort suchen wir engagierte Verst\u00e4rkung in der Region [&hellip;]<\/p>\n","protected":false},"author":2,"featured_media":0,"parent":0,"menu_order":0,"comment_status":"closed","ping_status":"closed","template":"page-templates\/homepage.php","meta":{"footnotes":""},"class_list":["post-39","page","type-page","status-publish","hentry"],"_links":{"self":[{"href":"https:\/\/www.graetzl.de\/index.php?rest_route=\/wp\/v2\/pages\/39","targetHints":{"allow":["GET"]}}],"collection":[{"href":"https:\/\/www.graetzl.de\/index.php?rest_route=\/wp\/v2\/pages"}],"about":[{"href":"https:\/\/www.graetzl.de\/index.php?rest_route=\/wp\/v2\/types\/page"}],"author":[{"embeddable":true,"href":"https:\/\/www.graetzl.de\/index.php?rest_route=\/wp\/v2\/users\/2"}],"replies":[{"embeddable":true,"href":"https:\/\/www.graetzl.de\/index.php?rest_route=%2Fwp%2Fv2%2Fcomments&post=39"}],"version-history":[{"count":20,"href":"https:\/\/www.graetzl.de\/index.php?rest_route=\/wp\/v2\/pages\/39\/revisions"}],"predecessor-version":[{"id":347,"href":"https:\/\/www.graetzl.de\/index.php?rest_route=\/wp\/v2\/pages\/39\/revisions\/347"}],"wp:attachment":[{"href":"https:\/\/www.graetzl.de\/index.php?rest_route=%2Fwp%2Fv2%2Fmedia&parent=39"}],"curies":[{"name":"wp","href":"https:\/\/api.w.org\/{rel}","templated":true}]}}